{"id":71,"date":"2020-01-12T14:34:52","date_gmt":"2020-01-12T14:34:52","guid":{"rendered":"https:\/\/delatourfoundation.org\/?page_id=71"},"modified":"2020-01-12T15:00:35","modified_gmt":"2020-01-12T15:00:35","slug":"johann-lukas-von-hildebrandt","status":"publish","type":"page","link":"https:\/\/delatourfoundation.org\/?page_id=71","title":{"rendered":"Johann Lukas von Hildebrandt"},"content":{"rendered":"\n<p>(alias Johann Lucas de Hildebrand) is considered one of the most important advocates of European Baroque. He was born in Genoa (Italy), Nov. 14th 1668, the son of Christoph von Hildebrandt, (an Italian and later Austrian army captain of German descend) and Elisabeth de La Tour-Devoir Caetta (a French-Italian countess). Several of his ancestors and relatives have been shaping European culture and history:<\/p>\n\n\n\n<p>Dennies Hildebrand, 445-520, the adviser and weapons master to King Theodoric I &#8220;the Great&#8221; of Verona (better known as Dietrich von Bern in the Nibelungen Saga). He and his son Hadubrand are the heroes of the &#8220;Hildebrandslied&#8221;;<br>\nHildebrandt Count of Saona, 1021-1085, the later Pope Gregory VII &#8220;Saint Gregory&#8221;;<br>\nZacharias Hildebrandt, 1688-1757, famous organ builder and close friend of Johann Sebastian Bach.<\/p>\n\n\n\n<p>Most of his lifetime Johann Lukas von Hildebrandt was hiding his noble descent, because he was a major proponent of the new &#8220;modern&#8221; stile of baroque and therefore wanted to stay away from the &#8220;old-fashioned&#8221; medieval ideas his family was associated with.<\/p>\n\n\n\n<p>Hildebrandt studied in Rome under O. Ceruti and C. Fontana (architect of St. Peter in Rome), constructed fortresses during the Italian campaigns under Prince Eug\u00e8ne, and became his favorite architect. He came to Vienna in 1696 where in 1700 he was named Imperial Court Engineer. After 1711 he held the position of Director of the Court Planning Office. In spite of this influential position, he only seldom received contracts from courtly circles due to competition from Johann Bernhard, the father of Joseph Emmanuel Fischer von Erlach. Hildebrandt&#8217;s main responsibility was in the area of mundane and sacred constructions dedicated to high-ranking spiritual and worldly dignitaries. His very close friendship with Count Friedrich Carl of Schoenborn and his acquaintance Prince Eugene of Savoy came to have special meaning.<\/p>\n\n\n\n<figure class=\"wp-block-image size-large\"><img loading=\"lazy\" decoding=\"async\" width=\"1024\" height=\"799\" src=\"https:\/\/delatourfoundation.org\/wp-content\/uploads\/2020\/01\/Prinz_Eugen-Hildebrandt-1024x799.jpg\" alt=\"\" class=\"wp-image-85\" srcset=\"https:\/\/delatourfoundation.org\/wp-content\/uploads\/2020\/01\/Prinz_Eugen-Hildebrandt-1024x799.jpg 1024w, https:\/\/delatourfoundation.org\/wp-content\/uploads\/2020\/01\/Prinz_Eugen-Hildebrandt-300x234.jpg 300w, https:\/\/delatourfoundation.org\/wp-content\/uploads\/2020\/01\/Prinz_Eugen-Hildebrandt-768x599.jpg 768w, https:\/\/delatourfoundation.org\/wp-content\/uploads\/2020\/01\/Prinz_Eugen-Hildebrandt-1200x936.jpg 1200w, https:\/\/delatourfoundation.org\/wp-content\/uploads\/2020\/01\/Prinz_Eugen-Hildebrandt.jpg 1349w\" sizes=\"auto, (max-width: 1024px) 100vw, 1024px\" \/><\/figure>\n\n\n\n<p><br> Unlike the monumental works of Fischer von Erlach, Hildebrandt&#8217;s works seem more committed and include more decorative elements. This helped Hildebrandt&#8217;s popularity spread right through to the &#8220;middle class&#8221; of European nobility. He, too, united Italian and French elements and shaped the development of the baroque style in Southern Germany and Austria. He built numerous city palaces in Vienna (e.g. Daun-Kinsky, 1716, Harrach 1712) and his religious buildings are also of great importance.<\/p>\n\n\n\n<p>He achieved a grace of proportion and an elegance of style equaled in central European baroque architecture only by the buildings of the Franconian architect Balthasar Neumann, with whom he collaborated on the W\u00fcrzburg Residenz (1724-44). Hildebrandt was involved in many great projects which were partly carried out by other architects (Wuerzburg, Goettweig, Pommersfelden, Palais Schwarzenberg, Mirabell Palace, etc.).<\/p>\n\n\n\n<p>The most important, however, are the palaces for Count Schoenborn in Goellersdorf (1717), for the imperial family in Halbthurn (1711), and for Prince Eug\u00e8ne in Schlosshof (1729), and R\u00e1ckeve (1701ff). Hildebrandt&#8217;s later masterpieces include the Winter Palace for the Turkish Conqueror Prince Eugene as well as the Lower and Upper Belvedere (1713-1723), and the Palace Daun-Kinsky erected for Count Wierich Philip Daun in Vienna&#8217;s Freyung. In 1720 he received his Austrian knighthood from the Emperor and Austrian King Karl VI.<\/p>\n\n\n\n<p>The famous architect died in Vienna, Nov. 16, 1745. Hildebrandt&#8217;s epitaph can be found at Mariabrunn Church in Vienna. The later Austrian Republic has honored his work with several coins and stamps.<\/p>\n\n\n\n<figure class=\"wp-block-image size-large\"><img loading=\"lazy\" decoding=\"async\" width=\"308\" height=\"631\" src=\"https:\/\/delatourfoundation.org\/wp-content\/uploads\/2020\/01\/Hildebrandt_Epitaph_Mariabrunn.jpg\" alt=\"\" class=\"wp-image-82\" srcset=\"https:\/\/delatourfoundation.org\/wp-content\/uploads\/2020\/01\/Hildebrandt_Epitaph_Mariabrunn.jpg 308w, https:\/\/delatourfoundation.org\/wp-content\/uploads\/2020\/01\/Hildebrandt_Epitaph_Mariabrunn-146x300.jpg 146w\" sizes=\"auto, (max-width: 308px) 100vw, 308px\" \/><figcaption>Pfarrkirche: Epitaph f\u00fcr J. L. von Hildebrandt.<\/figcaption><\/figure>\n\n\n\n<p>Literature:<br>\nGrimschitz, Bruno: &#8220;Johann Lucas von Hildebrandts kuenstlerische Entwicklung bis zum Jahre 1725&#8221; 93 pp. 1 pl. &amp; 79 ills. H.cloth, spine dam. (Kunstgeschichtliche Einzeldarstellungen &#8211; Band I, Wien, 1922)<br>\nGrimschitz, Bruno, 1959; W.&nbsp;G. Rizzi: &#8220;Johann Lucas von Hildebrandt &#8211; Ergaenzende Forschungen zu seinem Werk&#8221; doctoral thesis, Vienna 1975; NDB.<br>\nGrimschitz, Bruno &amp; Dreger, M.: &#8220;Johann Lucas von Hildebrandts Kirchenbauten \/ Zu den Salzburger Kirchenbauten Fischers von Erlach&#8221; Augsburg, n.d. pp.205-332. 92 Ills. Wrapp. (Sonderdruck aus dem Wiener Jahrbuch f\u00fcr Kunstgeschichte).<br>\nWilhelm, Franz: Johann Lukas von Hildebrandt. Seine Pers\u00f6nlichkeit und das Verh\u00e4ltnis zu seinen Bauherren. In: Mitteilungen des Vereins f\u00fcr die Geschichte der Stadt Wien 7 (1928), S. 59 &#8211; 73.<br>\nSeeger, Ulrike: Marly und Rom in Wien: zur Konzeption des Gartenpalais Sch\u00f6nborn in Wien \/. In: Zeitschrift f\u00fcr Kunstgeschichte Bd. 62.1999 (1999), S. 366-393.<br>\nRizzi, Wilhelm Georg: Die Kuppelkirchenbauten Johann Lucas von Hildebrandts In: Wiener Jahrbuch f\u00fcr Kunstgeschichte: 1976, v.29.<br>\nKleiner, Salomon: Das Belvedere in Wien. Herausgegeben und kommentiert von Hans Aurenhammer unter Mitarbeit von Gertrude Aurenhammer. (= Wienerisches Welttheater. Das barocke Wien in Stichen von Salomon Kleiner. Bd. 2) Graz 1969.<br>\nGutkas, Karl (Hrsg.): Prinz Eugen und das barocke \u00d6sterreich. Salzburg, Wien 1985.<br>\n\u00d6sterreichisches Staatsarchiv: &#8220;Johann Lucas von Hildebrand &#8211; Adelsakt&#8221; (Erhebungsurkunde Kaiser Karl VI 10.03.1720, Empfehlungsschreiben von Reichsviezekanzler F\u00fcrstbischof Friedrich C. von Sch\u00f6nborn 01.03.1720, Ansuchen J. L. Hildebrand 01.03.1720)<br>\nTriumph der Phantasie. Barocke Modelle von Hildebrandt bis Mollinarolo. \u00d6sterreichische Galerie Belvedere (Hrsg.). Wien, K\u00f6ln, Weimar 1998.<\/p>\n\n\n\n<p>Additional information have been found in several public archives.The Hildebrandt family inheritance has contributed private documents and correspondence. This web site reflects the up-to-date data available.<\/p>\n","protected":false},"excerpt":{"rendered":"<p>(alias Johann Lucas de Hildebrand) is considered one of the most important advocates of European Baroque. He was born in Genoa (Italy), Nov. 14th 1668, the son of Christoph von Hildebrandt, (an Italian and later Austrian army captain of German descend) and Elisabeth de La Tour-Devoir Caetta (a French-Italian countess). Several of his ancestors and [&hellip;]<\/p>\n","protected":false},"author":1,"featured_media":88,"parent":0,"menu_order":0,"comment_status":"closed","ping_status":"closed","template":"","meta":{"footnotes":""},"class_list":["post-71","page","type-page","status-publish","has-post-thumbnail","hentry"],"_links":{"self":[{"href":"https:\/\/delatourfoundation.org\/index.php?rest_route=\/wp\/v2\/pages\/71","targetHints":{"allow":["GET"]}}],"collection":[{"href":"https:\/\/delatourfoundation.org\/index.php?rest_route=\/wp\/v2\/pages"}],"about":[{"href":"https:\/\/delatourfoundation.org\/index.php?rest_route=\/wp\/v2\/types\/page"}],"author":[{"embeddable":true,"href":"https:\/\/delatourfoundation.org\/index.php?rest_route=\/wp\/v2\/users\/1"}],"replies":[{"embeddable":true,"href":"https:\/\/delatourfoundation.org\/index.php?rest_route=%2Fwp%2Fv2%2Fcomments&post=71"}],"version-history":[{"count":2,"href":"https:\/\/delatourfoundation.org\/index.php?rest_route=\/wp\/v2\/pages\/71\/revisions"}],"predecessor-version":[{"id":91,"href":"https:\/\/delatourfoundation.org\/index.php?rest_route=\/wp\/v2\/pages\/71\/revisions\/91"}],"wp:featuredmedia":[{"embeddable":true,"href":"https:\/\/delatourfoundation.org\/index.php?rest_route=\/wp\/v2\/media\/88"}],"wp:attachment":[{"href":"https:\/\/delatourfoundation.org\/index.php?rest_route=%2Fwp%2Fv2%2Fmedia&parent=71"}],"curies":[{"name":"wp","href":"https:\/\/api.w.org\/{rel}","templated":true}]}}